{"id":14,"date":"2021-03-20T12:10:06","date_gmt":"2021-03-20T11:10:06","guid":{"rendered":"http:\/\/localhost\/projects\/jean_francois_wp\/?page_id=14"},"modified":"2023-11-06T15:03:01","modified_gmt":"2023-11-06T14:03:01","slug":"parcours","status":"publish","type":"page","link":"https:\/\/jeanfrancoisdecock.be\/en\/parcours\/","title":{"rendered":"Career"},"content":{"rendered":"<h2 class=\"wp-block-heading\">Studies<\/h2>\n\n\n\n<div class=\"wp-block-columns is-layout-flex wp-container-core-columns-is-layout-9d6595d7 wp-block-columns-is-layout-flex\">\n<div class=\"wp-block-column is-layout-flow wp-block-column-is-layout-flow\" style=\"flex-basis:100%\">\n<div class=\"wp-block-columns is-layout-flex wp-container-core-columns-is-layout-9d6595d7 wp-block-columns-is-layout-flex\">\n<div class=\"wp-block-column is-layout-flow wp-block-column-is-layout-flow\" style=\"flex-basis:33.33%\">\n<p>1993<\/p>\n<\/div>\n\n\n\n<div class=\"wp-block-column is-layout-flow wp-block-column-is-layout-flow\" style=\"flex-basis:66.66%\">\n<p>D.A.P. Diploma in teaching (Dipl\u00f4me d\u2019aptitude p\u00e9dagogique), C.E.R.I.A., Brussels.<\/p>\n<\/div>\n<\/div>\n<\/div>\n<\/div>\n\n\n\n<div class=\"wp-block-columns is-layout-flex wp-container-core-columns-is-layout-9d6595d7 wp-block-columns-is-layout-flex\">\n<div class=\"wp-block-column is-layout-flow wp-block-column-is-layout-flow\" style=\"flex-basis:33.33%\">\n<p>1987<\/p>\n<\/div>\n\n\n\n<div class=\"wp-block-column is-layout-flow wp-block-column-is-layout-flow\" style=\"flex-basis:66.66%\">\n<p>Degree in painting, Royal Fine Arts Academy of Brussels (Acad\u00e9mie Royale des Beaux Arts de Bruxelles), professors Daniel Pelletti, Andr\u00e9 Ruelle, Charles Szymkowicz.<\/p>\n<\/div>\n<\/div>\n\n\n\n<h2 class=\"wp-block-heading\">Professional experience<\/h2>\n\n\n\n<div class=\"wp-block-columns is-layout-flex wp-container-core-columns-is-layout-9d6595d7 wp-block-columns-is-layout-flex\">\n<div class=\"wp-block-column is-layout-flow wp-block-column-is-layout-flow\" style=\"flex-basis:33.33%\">\n<p>1993-2009<\/p>\n<\/div>\n\n\n\n<div class=\"wp-block-column is-layout-flow wp-block-column-is-layout-flow\" style=\"flex-basis:66.66%\">\n<p>Painting and sculpture teacher at CEC \u00ab les Mercredis Artistiques \u00bb.<\/p>\n<\/div>\n<\/div>\n\n\n\n<div class=\"wp-block-columns is-layout-flex wp-container-core-columns-is-layout-9d6595d7 wp-block-columns-is-layout-flex\">\n<div class=\"wp-block-column is-layout-flow wp-block-column-is-layout-flow\" style=\"flex-basis:33.33%\">\n<p>1988<\/p>\n<\/div>\n\n\n\n<div class=\"wp-block-column is-layout-flow wp-block-column-is-layout-flow\" style=\"flex-basis:66.66%\">\n<p>Graphic designer SPRL. Neef, Baisy-Thy, Belgique.<\/p>\n<\/div>\n<\/div>\n\n\n\n<h2 class=\"wp-block-heading\">Expositions et programmation<\/h2>\n\n\n\n<div class=\"wp-block-columns is-layout-flex wp-container-core-columns-is-layout-9d6595d7 wp-block-columns-is-layout-flex\">\n<div class=\"wp-block-column is-layout-flow wp-block-column-is-layout-flow\" style=\"flex-basis:33.33%\">\n<p>2023<\/p>\n<\/div>\n\n\n\n<div class=\"wp-block-column is-layout-flow wp-block-column-is-layout-flow\" style=\"flex-basis:66.66%\">\n<p>Juin, Galerie La Girafe, exposition individuelle, Bruxelles.<\/p>\n<\/div>\n<\/div>\n\n\n\n<div class=\"wp-block-columns is-layout-flex wp-container-core-columns-is-layout-9d6595d7 wp-block-columns-is-layout-flex\">\n<div class=\"wp-block-column is-layout-flow wp-block-column-is-layout-flow\" style=\"flex-basis:33.33%\">\n<p>2023<\/p>\n<\/div>\n\n\n\n<div class=\"wp-block-column is-layout-flow wp-block-column-is-layout-flow\" style=\"flex-basis:66.66%\">\n<p>Mars, Galerie Nardone, exposition collective, Bruxelles.<\/p>\n<\/div>\n<\/div>\n\n\n\n<div class=\"wp-block-columns is-layout-flex wp-container-core-columns-is-layout-9d6595d7 wp-block-columns-is-layout-flex\">\n<div class=\"wp-block-column is-layout-flow wp-block-column-is-layout-flow\" style=\"flex-basis:33.33%\">\n<p>2023<\/p>\n<\/div>\n\n\n\n<div class=\"wp-block-column is-layout-flow wp-block-column-is-layout-flow\" style=\"flex-basis:66.66%\">\n<p>F\u00e9vrier, H\u00f4te Gallery, exposition collective avec l&rsquo; invit\u00e9 Jay-Jay Johanson.<\/p>\n<\/div>\n<\/div>\n\n\n\n<div class=\"wp-block-columns is-layout-flex wp-container-core-columns-is-layout-9d6595d7 wp-block-columns-is-layout-flex\">\n<div class=\"wp-block-column is-layout-flow wp-block-column-is-layout-flow\" style=\"flex-basis:33.33%\">\n<p>2022<\/p>\n<\/div>\n\n\n\n<div class=\"wp-block-column is-layout-flow wp-block-column-is-layout-flow\" style=\"flex-basis:66.66%\">\n<p>Juin, H\u00f4te Gallery, exposition individuelle, Bruxelles<\/p>\n<\/div>\n<\/div>\n\n\n\n<p><\/p>\n\n\n\n<div class=\"wp-block-columns is-layout-flex wp-container-core-columns-is-layout-9d6595d7 wp-block-columns-is-layout-flex\">\n<div class=\"wp-block-column is-layout-flow wp-block-column-is-layout-flow\" style=\"flex-basis:33.33%\"><\/div>\n\n\n\n<div class=\"wp-block-column is-layout-flow wp-block-column-is-layout-flow\" style=\"flex-basis:66.66%\"><\/div>\n<\/div>\n\n\n\n<div class=\"wp-block-columns is-layout-flex wp-container-core-columns-is-layout-9d6595d7 wp-block-columns-is-layout-flex\">\n<div class=\"wp-block-column is-layout-flow wp-block-column-is-layout-flow\" style=\"flex-basis:33.33%\">\n<p>2022<\/p>\n<\/div>\n\n\n\n<div class=\"wp-block-column is-layout-flow wp-block-column-is-layout-flow\" style=\"flex-basis:66.66%\">\n<p>Janvier, 5 <sup>\u00e8me<\/sup> Biennale d&rsquo;Art Contemporain de Versailles.<\/p>\n<\/div>\n<\/div>\n\n\n\n<p><\/p>\n\n\n\n<div class=\"wp-block-columns is-layout-flex wp-container-core-columns-is-layout-9d6595d7 wp-block-columns-is-layout-flex\">\n<div class=\"wp-block-column is-layout-flow wp-block-column-is-layout-flow\" style=\"flex-basis:33.33%\">\n<p>2021<\/p>\n<\/div>\n\n\n\n<div class=\"wp-block-column is-layout-flow wp-block-column-is-layout-flow\" style=\"flex-basis:66.66%\">\n<p>March, H\u00f4te Gallery, hosted by Philippe Wyngaard, Brussels.<\/p>\n\n\n\n<p>February, H\u00f4te Gallery, hosted by Julien Dumas, Brussels.<\/p>\n\n\n\n<p>January, H\u00f4te Gallery, hosted by Alexandra Naoumofski, Brussels.<\/p>\n<\/div>\n<\/div>\n\n\n\n<div class=\"wp-block-columns is-layout-flex wp-container-core-columns-is-layout-9d6595d7 wp-block-columns-is-layout-flex\">\n<div class=\"wp-block-column is-layout-flow wp-block-column-is-layout-flow\" style=\"flex-basis:33.33%\">\n<p>2020<\/p>\n<\/div>\n\n\n\n<div class=\"wp-block-column is-layout-flow wp-block-column-is-layout-flow\" style=\"flex-basis:66.66%\">\n<p>Septembre, Espace culturel de la \u00ab Maison Haute \u00bb Watermael-Boitsfort, Bruxelles<\/p>\n<\/div>\n<\/div>\n\n\n\n<div class=\"wp-block-columns is-layout-flex wp-container-core-columns-is-layout-9d6595d7 wp-block-columns-is-layout-flex\">\n<div class=\"wp-block-column is-layout-flow wp-block-column-is-layout-flow\" style=\"flex-basis:33.33%\">\n<p>2019<\/p>\n<\/div>\n\n\n\n<div class=\"wp-block-column is-layout-flow wp-block-column-is-layout-flow\" style=\"flex-basis:66.66%\">\n<p>Septembre, Espace culturel de la \u00ab Maison Haute \u00bb Watermael-Boitsfort, Bruxelles.<\/p>\n<\/div>\n<\/div>\n\n\n\n<div class=\"wp-block-columns is-layout-flex wp-container-core-columns-is-layout-9d6595d7 wp-block-columns-is-layout-flex\">\n<div class=\"wp-block-column is-layout-flow wp-block-column-is-layout-flow\" style=\"flex-basis:33.33%\">\n<p>2018<\/p>\n<\/div>\n\n\n\n<div class=\"wp-block-column is-layout-flow wp-block-column-is-layout-flow\" style=\"flex-basis:66.66%\">\n<p>Centre Culturel de Laeken \u00ab La Maison de la Cr\u00e9ation \u00bb, Bruxelles.<\/p>\n\n\n\n<p>Artists\u2019 Walk (Parcours d\u2019artiste) of Jette, Brussels.<\/p>\n<\/div>\n<\/div>\n\n\n\n<div class=\"wp-block-columns is-layout-flex wp-container-core-columns-is-layout-9d6595d7 wp-block-columns-is-layout-flex\">\n<div class=\"wp-block-column is-layout-flow wp-block-column-is-layout-flow\" style=\"flex-basis:33.33%\">\n<p>2017<\/p>\n<\/div>\n\n\n\n<div class=\"wp-block-column is-layout-flow wp-block-column-is-layout-flow\" style=\"flex-basis:66.66%\">\n<p>Social Aid Centre, (C.P.A.S.), Jette, Brussels.<\/p>\n<\/div>\n<\/div>\n\n\n\n<div class=\"wp-block-columns is-layout-flex wp-container-core-columns-is-layout-9d6595d7 wp-block-columns-is-layout-flex\">\n<div class=\"wp-block-column is-layout-flow wp-block-column-is-layout-flow\" style=\"flex-basis:33.33%\">\n<p>2016<\/p>\n<\/div>\n\n\n\n<div class=\"wp-block-column is-layout-flow wp-block-column-is-layout-flow\" style=\"flex-basis:66.66%\">\n<p>Galerie Arry VW, Bruxelles.<\/p>\n<\/div>\n<\/div>\n\n\n\n<div class=\"wp-block-columns is-layout-flex wp-container-core-columns-is-layout-9d6595d7 wp-block-columns-is-layout-flex\">\n<div class=\"wp-block-column is-layout-flow wp-block-column-is-layout-flow\" style=\"flex-basis:33.33%\">\n<p>2014<\/p>\n<\/div>\n\n\n\n<div class=\"wp-block-column is-layout-flow wp-block-column-is-layout-flow\" style=\"flex-basis:66.66%\">\n<p>Sculpture, \u00ab Val des Roses \u00bb Social Aid Centre, (C.P.A.S.) of Forest, Belgium.<\/p>\n<\/div>\n<\/div>\n\n\n\n<div class=\"wp-block-columns is-layout-flex wp-container-core-columns-is-layout-9d6595d7 wp-block-columns-is-layout-flex\">\n<div class=\"wp-block-column is-layout-flow wp-block-column-is-layout-flow\" style=\"flex-basis:33.33%\">\n<p>2012<\/p>\n<\/div>\n\n\n\n<div class=\"wp-block-column is-layout-flow wp-block-column-is-layout-flow\" style=\"flex-basis:66.66%\">\n<p>Artists\u2019 Walk (Parcours d\u2019artiste), Rixensart, Belgium.<\/p>\n\n\n\n<p>Passa Porta, Brussels.<\/p>\n<\/div>\n<\/div>\n\n\n\n<div class=\"wp-block-columns is-layout-flex wp-container-core-columns-is-layout-9d6595d7 wp-block-columns-is-layout-flex\">\n<div class=\"wp-block-column is-layout-flow wp-block-column-is-layout-flow\" style=\"flex-basis:33.33%\">\n<p>2010<\/p>\n<\/div>\n\n\n\n<div class=\"wp-block-column is-layout-flow wp-block-column-is-layout-flow\" style=\"flex-basis:66.66%\">\n<p>Passa Porta, Brussels.<\/p>\n\n\n\n<p>Namur Book Fair, Belgium.<\/p>\n<\/div>\n<\/div>\n\n\n\n<div class=\"wp-block-columns is-layout-flex wp-container-core-columns-is-layout-9d6595d7 wp-block-columns-is-layout-flex\">\n<div class=\"wp-block-column is-layout-flow wp-block-column-is-layout-flow\" style=\"flex-basis:33.33%\">\n<p>2008<\/p>\n<\/div>\n\n\n\n<div class=\"wp-block-column is-layout-flow wp-block-column-is-layout-flow\" style=\"flex-basis:66.66%\">\n<p>Halles de Schaerbeek, Brussels.<\/p>\n<\/div>\n<\/div>\n\n\n\n<div class=\"wp-block-columns is-layout-flex wp-container-core-columns-is-layout-9d6595d7 wp-block-columns-is-layout-flex\">\n<div class=\"wp-block-column is-layout-flow wp-block-column-is-layout-flow\" style=\"flex-basis:33.33%\">\n<p>2005<\/p>\n<\/div>\n\n\n\n<div class=\"wp-block-column is-layout-flow wp-block-column-is-layout-flow\" style=\"flex-basis:66.66%\">\n<p>Outdoor sculpture, Brussels Grand Place.<\/p>\n<\/div>\n<\/div>\n\n\n\n<div class=\"wp-block-columns is-layout-flex wp-container-core-columns-is-layout-9d6595d7 wp-block-columns-is-layout-flex\">\n<div class=\"wp-block-column is-layout-flow wp-block-column-is-layout-flow\" style=\"flex-basis:33.33%\">\n<p>2004<\/p>\n<\/div>\n\n\n\n<div class=\"wp-block-column is-layout-flow wp-block-column-is-layout-flow\" style=\"flex-basis:66.66%\">\n<p>Th\u00e9\u00e2tre Marni exhibition room, Brussels.<\/p>\n<\/div>\n<\/div>\n\n\n\n<div class=\"wp-block-columns is-layout-flex wp-container-core-columns-is-layout-9d6595d7 wp-block-columns-is-layout-flex\">\n<div class=\"wp-block-column is-layout-flow wp-block-column-is-layout-flow\" style=\"flex-basis:33.33%\">\n<p>2001<\/p>\n<\/div>\n\n\n\n<div class=\"wp-block-column is-layout-flow wp-block-column-is-layout-flow\" style=\"flex-basis:66.66%\">\n<p>Fresco, Parc Parmentier, Brussels.<\/p>\n<\/div>\n<\/div>\n\n\n\n<div class=\"wp-block-columns is-layout-flex wp-container-core-columns-is-layout-9d6595d7 wp-block-columns-is-layout-flex\">\n<div class=\"wp-block-column is-layout-flow wp-block-column-is-layout-flow\" style=\"flex-basis:33.33%\">\n<p>1999<\/p>\n<\/div>\n\n\n\n<div class=\"wp-block-column is-layout-flow wp-block-column-is-layout-flow\" style=\"flex-basis:66.66%\">\n<p>Mural fresco, rue des Ursulines, Brussels.<\/p>\n<\/div>\n<\/div>\n\n\n\n<div class=\"wp-block-columns is-layout-flex wp-container-core-columns-is-layout-9d6595d7 wp-block-columns-is-layout-flex\">\n<div class=\"wp-block-column is-layout-flow wp-block-column-is-layout-flow\" style=\"flex-basis:33.33%\">\n<p>1991<\/p>\n<\/div>\n\n\n\n<div class=\"wp-block-column is-layout-flow wp-block-column-is-layout-flow\" style=\"flex-basis:66.66%\">\n<p>Restoration of a sgraffito by Henri Privat-Livemont, 17, rue Vogler, Schaerbeek, Brussels.<\/p>\n<\/div>\n<\/div>\n\n\n\n<div class=\"wp-block-columns is-layout-flex wp-container-core-columns-is-layout-9d6595d7 wp-block-columns-is-layout-flex\">\n<div class=\"wp-block-column is-layout-flow wp-block-column-is-layout-flow\" style=\"flex-basis:33.33%\">\n<p>1987<\/p>\n<\/div>\n\n\n\n<div class=\"wp-block-column is-layout-flow wp-block-column-is-layout-flow\" style=\"flex-basis:66.66%\">\n<p>Galerie Bortier, Brussels.<\/p>\n<\/div>\n<\/div>\n\n\n\n<div class=\"wp-block-columns is-layout-flex wp-container-core-columns-is-layout-9d6595d7 wp-block-columns-is-layout-flex\">\n<div class=\"wp-block-column is-layout-flow wp-block-column-is-layout-flow\" style=\"flex-basis:33.33%\">\n<div class=\"wp-block-columns is-layout-flex wp-container-core-columns-is-layout-9d6595d7 wp-block-columns-is-layout-flex\">\n<div class=\"wp-block-column is-layout-flow wp-block-column-is-layout-flow\" style=\"flex-basis:66.66%\"><\/div>\n\n\n\n<div class=\"wp-block-column is-layout-flow wp-block-column-is-layout-flow\" style=\"flex-basis:33.33%\">\n<div class=\"wp-block-columns is-layout-flex wp-container-core-columns-is-layout-9d6595d7 wp-block-columns-is-layout-flex\">\n<div class=\"wp-block-column is-layout-flow wp-block-column-is-layout-flow\" style=\"flex-basis:66.66%\">\n<p><\/p>\n<\/div>\n\n\n\n<div class=\"wp-block-column is-layout-flow wp-block-column-is-layout-flow\" style=\"flex-basis:33.33%\"><\/div>\n<\/div>\n<\/div>\n<\/div>\n<\/div>\n\n\n\n<div class=\"wp-block-column is-layout-flow wp-block-column-is-layout-flow\" style=\"flex-basis:66.66%\"><\/div>\n<\/div>\n\n\n\n<p><\/p>","protected":false},"excerpt":{"rendered":"<p>\u00c9tudes 1993 D.A.P. Dipl\u00f4me d\u2019aptitude p\u00e9dagogique C.E.R.I.A., Bruxelles. 1987 Dipl\u00f4me de peinture sur chevalet, cours du jour, Acad\u00e9mie Royale des Beaux Arts de Bruxelles, professeurs Daniel Pelletti, Andr\u00e9 Ruelle, Charles Szymkowicz. Exp\u00e9rience professionnelle 1993-2009 Enseignant en peinture et sculpture, CEC \u00ab les Mercredis Artistiques \u00bb. 1988 Graphic designer SPRL. Neef, Baisy-Thy, Belgique. Expositions et programmation [&hellip;]<\/p>\n","protected":false},"author":1,"featured_media":0,"parent":0,"menu_order":0,"comment_status":"closed","ping_status":"closed","template":"page-template\/parcours.php","meta":{"_acf_changed":false,"footnotes":""},"class_list":["post-14","page","type-page","status-publish","hentry"],"acf":[],"yoast_head":"<!-- This site is optimized with the Yoast SEO plugin v27.5 - https:\/\/yoast.com\/product\/yoast-seo-wordpress\/ -->\n<title>Parcours - Jean-Fran\u00e7ois Decock<\/title>\n<meta name=\"robots\" content=\"index, follow, max-snippet:-1, max-image-preview:large, max-video-preview:-1\" \/>\n<link rel=\"canonical\" href=\"https:\/\/jeanfrancoisdecock.be\/en\/parcours\/\" \/>\n<meta property=\"og:locale\" content=\"en_GB\" \/>\n<meta property=\"og:type\" content=\"article\" \/>\n<meta property=\"og:title\" content=\"Parcours - Jean-Fran\u00e7ois Decock\" \/>\n<meta property=\"og:description\" content=\"\u00c9tudes 1993 D.A.P. Dipl\u00f4me d\u2019aptitude p\u00e9dagogique C.E.R.I.A., Bruxelles. 1987 Dipl\u00f4me de peinture sur chevalet, cours du jour, Acad\u00e9mie Royale des Beaux Arts de Bruxelles, professeurs Daniel Pelletti, Andr\u00e9 Ruelle, Charles Szymkowicz. Exp\u00e9rience professionnelle 1993-2009 Enseignant en peinture et sculpture, CEC \u00ab les Mercredis Artistiques \u00bb. 1988 Graphic designer SPRL. Neef, Baisy-Thy, Belgique. Expositions et programmation [&hellip;]\" \/>\n<meta property=\"og:url\" content=\"https:\/\/jeanfrancoisdecock.be\/en\/parcours\/\" \/>\n<meta property=\"og:site_name\" content=\"Jean-Fran\u00e7ois Decock\" \/>\n<meta property=\"article:modified_time\" content=\"2023-11-06T14:03:01+00:00\" \/>\n<meta name=\"twitter:card\" content=\"summary_large_image\" \/>\n<meta name=\"twitter:label1\" content=\"Estimated reading time\" \/>\n\t<meta name=\"twitter:data1\" content=\"2 minutes\" \/>\n<script type=\"application\/ld+json\" class=\"yoast-schema-graph\">{\"@context\":\"https:\\\/\\\/schema.org\",\"@graph\":[{\"@type\":\"WebPage\",\"@id\":\"https:\\\/\\\/jeanfrancoisdecock.be\\\/parcours\\\/\",\"url\":\"https:\\\/\\\/jeanfrancoisdecock.be\\\/parcours\\\/\",\"name\":\"Parcours - Jean-Fran\u00e7ois Decock\",\"isPartOf\":{\"@id\":\"https:\\\/\\\/jeanfrancoisdecock.be\\\/#website\"},\"datePublished\":\"2021-03-20T11:10:06+00:00\",\"dateModified\":\"2023-11-06T14:03:01+00:00\",\"breadcrumb\":{\"@id\":\"https:\\\/\\\/jeanfrancoisdecock.be\\\/parcours\\\/#breadcrumb\"},\"inLanguage\":\"en-GB\",\"potentialAction\":[{\"@type\":\"ReadAction\",\"target\":[\"https:\\\/\\\/jeanfrancoisdecock.be\\\/parcours\\\/\"]}]},{\"@type\":\"BreadcrumbList\",\"@id\":\"https:\\\/\\\/jeanfrancoisdecock.be\\\/parcours\\\/#breadcrumb\",\"itemListElement\":[{\"@type\":\"ListItem\",\"position\":1,\"name\":\"Accueil\",\"item\":\"https:\\\/\\\/jeanfrancoisdecock.be\\\/\"},{\"@type\":\"ListItem\",\"position\":2,\"name\":\"Parcours\"}]},{\"@type\":\"WebSite\",\"@id\":\"https:\\\/\\\/jeanfrancoisdecock.be\\\/#website\",\"url\":\"https:\\\/\\\/jeanfrancoisdecock.be\\\/\",\"name\":\"Jean-Fran\u00e7ois Decock\",\"description\":\"L\u2019\u00e9nergie et l\u2019intensit\u00e9 d\u2019un instant\",\"publisher\":{\"@id\":\"https:\\\/\\\/jeanfrancoisdecock.be\\\/#\\\/schema\\\/person\\\/c38bf79342cfd25142cef3facf311897\"},\"potentialAction\":[{\"@type\":\"SearchAction\",\"target\":{\"@type\":\"EntryPoint\",\"urlTemplate\":\"https:\\\/\\\/jeanfrancoisdecock.be\\\/?s={search_term_string}\"},\"query-input\":{\"@type\":\"PropertyValueSpecification\",\"valueRequired\":true,\"valueName\":\"search_term_string\"}}],\"inLanguage\":\"en-GB\"},{\"@type\":[\"Person\",\"Organization\"],\"@id\":\"https:\\\/\\\/jeanfrancoisdecock.be\\\/#\\\/schema\\\/person\\\/c38bf79342cfd25142cef3facf311897\",\"name\":\"jfdecock\",\"image\":{\"@type\":\"ImageObject\",\"inLanguage\":\"en-GB\",\"@id\":\"https:\\\/\\\/secure.gravatar.com\\\/avatar\\\/604bf63e5bd23b72375b0e479240abefabbf76d8dfbaf047e9671e33a3c68ecf?s=96&d=mm&r=g\",\"url\":\"https:\\\/\\\/secure.gravatar.com\\\/avatar\\\/604bf63e5bd23b72375b0e479240abefabbf76d8dfbaf047e9671e33a3c68ecf?s=96&d=mm&r=g\",\"contentUrl\":\"https:\\\/\\\/secure.gravatar.com\\\/avatar\\\/604bf63e5bd23b72375b0e479240abefabbf76d8dfbaf047e9671e33a3c68ecf?s=96&d=mm&r=g\",\"caption\":\"jfdecock\"},\"logo\":{\"@id\":\"https:\\\/\\\/secure.gravatar.com\\\/avatar\\\/604bf63e5bd23b72375b0e479240abefabbf76d8dfbaf047e9671e33a3c68ecf?s=96&d=mm&r=g\"},\"sameAs\":[\"https:\\\/\\\/jeanfrancoisdecock.be\\\/\"]}]}<\/script>\n<!-- \/ Yoast SEO plugin. -->","yoast_head_json":{"title":"Parcours - Jean-Fran\u00e7ois Decock","robots":{"index":"index","follow":"follow","max-snippet":"max-snippet:-1","max-image-preview":"max-image-preview:large","max-video-preview":"max-video-preview:-1"},"canonical":"https:\/\/jeanfrancoisdecock.be\/en\/parcours\/","og_locale":"en_GB","og_type":"article","og_title":"Parcours - Jean-Fran\u00e7ois Decock","og_description":"\u00c9tudes 1993 D.A.P. Dipl\u00f4me d\u2019aptitude p\u00e9dagogique C.E.R.I.A., Bruxelles. 1987 Dipl\u00f4me de peinture sur chevalet, cours du jour, Acad\u00e9mie Royale des Beaux Arts de Bruxelles, professeurs Daniel Pelletti, Andr\u00e9 Ruelle, Charles Szymkowicz. Exp\u00e9rience professionnelle 1993-2009 Enseignant en peinture et sculpture, CEC \u00ab les Mercredis Artistiques \u00bb. 1988 Graphic designer SPRL. Neef, Baisy-Thy, Belgique. Expositions et programmation [&hellip;]","og_url":"https:\/\/jeanfrancoisdecock.be\/en\/parcours\/","og_site_name":"Jean-Fran\u00e7ois Decock","article_modified_time":"2023-11-06T14:03:01+00:00","twitter_card":"summary_large_image","twitter_misc":{"Estimated reading time":"2 minutes"},"schema":{"@context":"https:\/\/schema.org","@graph":[{"@type":"WebPage","@id":"https:\/\/jeanfrancoisdecock.be\/parcours\/","url":"https:\/\/jeanfrancoisdecock.be\/parcours\/","name":"Parcours - Jean-Fran\u00e7ois Decock","isPartOf":{"@id":"https:\/\/jeanfrancoisdecock.be\/#website"},"datePublished":"2021-03-20T11:10:06+00:00","dateModified":"2023-11-06T14:03:01+00:00","breadcrumb":{"@id":"https:\/\/jeanfrancoisdecock.be\/parcours\/#breadcrumb"},"inLanguage":"en-GB","potentialAction":[{"@type":"ReadAction","target":["https:\/\/jeanfrancoisdecock.be\/parcours\/"]}]},{"@type":"BreadcrumbList","@id":"https:\/\/jeanfrancoisdecock.be\/parcours\/#breadcrumb","itemListElement":[{"@type":"ListItem","position":1,"name":"Accueil","item":"https:\/\/jeanfrancoisdecock.be\/"},{"@type":"ListItem","position":2,"name":"Parcours"}]},{"@type":"WebSite","@id":"https:\/\/jeanfrancoisdecock.be\/#website","url":"https:\/\/jeanfrancoisdecock.be\/","name":"Jean-Fran\u00e7ois Decock","description":"L\u2019\u00e9nergie et l\u2019intensit\u00e9 d\u2019un instant","publisher":{"@id":"https:\/\/jeanfrancoisdecock.be\/#\/schema\/person\/c38bf79342cfd25142cef3facf311897"},"potentialAction":[{"@type":"SearchAction","target":{"@type":"EntryPoint","urlTemplate":"https:\/\/jeanfrancoisdecock.be\/?s={search_term_string}"},"query-input":{"@type":"PropertyValueSpecification","valueRequired":true,"valueName":"search_term_string"}}],"inLanguage":"en-GB"},{"@type":["Person","Organization"],"@id":"https:\/\/jeanfrancoisdecock.be\/#\/schema\/person\/c38bf79342cfd25142cef3facf311897","name":"jfdecock","image":{"@type":"ImageObject","inLanguage":"en-GB","@id":"https:\/\/secure.gravatar.com\/avatar\/604bf63e5bd23b72375b0e479240abefabbf76d8dfbaf047e9671e33a3c68ecf?s=96&d=mm&r=g","url":"https:\/\/secure.gravatar.com\/avatar\/604bf63e5bd23b72375b0e479240abefabbf76d8dfbaf047e9671e33a3c68ecf?s=96&d=mm&r=g","contentUrl":"https:\/\/secure.gravatar.com\/avatar\/604bf63e5bd23b72375b0e479240abefabbf76d8dfbaf047e9671e33a3c68ecf?s=96&d=mm&r=g","caption":"jfdecock"},"logo":{"@id":"https:\/\/secure.gravatar.com\/avatar\/604bf63e5bd23b72375b0e479240abefabbf76d8dfbaf047e9671e33a3c68ecf?s=96&d=mm&r=g"},"sameAs":["https:\/\/jeanfrancoisdecock.be\/"]}]}},"jetpack_sharing_enabled":true,"_links":{"self":[{"href":"https:\/\/jeanfrancoisdecock.be\/en\/wp-json\/wp\/v2\/pages\/14","targetHints":{"allow":["GET"]}}],"collection":[{"href":"https:\/\/jeanfrancoisdecock.be\/en\/wp-json\/wp\/v2\/pages"}],"about":[{"href":"https:\/\/jeanfrancoisdecock.be\/en\/wp-json\/wp\/v2\/types\/page"}],"author":[{"embeddable":true,"href":"https:\/\/jeanfrancoisdecock.be\/en\/wp-json\/wp\/v2\/users\/1"}],"replies":[{"embeddable":true,"href":"https:\/\/jeanfrancoisdecock.be\/en\/wp-json\/wp\/v2\/comments?post=14"}],"version-history":[{"count":44,"href":"https:\/\/jeanfrancoisdecock.be\/en\/wp-json\/wp\/v2\/pages\/14\/revisions"}],"predecessor-version":[{"id":332,"href":"https:\/\/jeanfrancoisdecock.be\/en\/wp-json\/wp\/v2\/pages\/14\/revisions\/332"}],"wp:attachment":[{"href":"https:\/\/jeanfrancoisdecock.be\/en\/wp-json\/wp\/v2\/media?parent=14"}],"curies":[{"name":"wp","href":"https:\/\/api.w.org\/{rel}","templated":true}]}}