{"id":16,"date":"2021-03-20T12:13:36","date_gmt":"2021-03-20T11:13:36","guid":{"rendered":"http:\/\/localhost\/projects\/jean_francois_wp\/?page_id=16"},"modified":"2024-09-20T19:34:35","modified_gmt":"2024-09-20T17:34:35","slug":"critiques","status":"publish","type":"page","link":"https:\/\/jeanfrancoisdecock.be\/en\/critiques\/","title":{"rendered":"A propos"},"content":{"rendered":"<p>\u00ab\u00a0Une forme, une seule sur un fond monochromatique. Une forme pos\u00e9e, plate et compacte. Mais ce n&rsquo;est pas une forme et le fond, dense \u00e0 son tour n&rsquo;a de la surface que l&rsquo;apparence car il contient en lui un arri\u00e8re fond comme une terre souterraine, un arri\u00e8re-pays des origines. Un lieu d&rsquo;un temps ancien qui fait de la forme, un signe. Nous y voil\u00e0. Un signe qui ne doit rien \u00e0 l&rsquo;esth\u00e9tique ni au vocabulaire et ne sourit \u00e0 personne ni ne flatte l&rsquo;expression d&rsquo;un \u00e9go qui en aurait aiguis\u00e9 les contours. Un signe venu d&rsquo;un ailleurs comme un son surgit du volcan ou de la grotte profonde. Un signe qui n&rsquo;est ni un appel, ni une menace. Un signe l\u00e0. Hors de l&rsquo;horlogerie et des m\u00e9canismes de l&rsquo;\u00e9ph\u00e9m\u00e8re. Un signe incompressible dont il nous reste \u00e0 percer le sens. Une \u0153uvre ancr\u00e9e \u00e0 la limite d&rsquo;un horizon de terre vive.\u00a0\u00bb                                                                                                                              <strong>Guy Gilsoul     <\/strong>                                                                                                                                        Critique d&rsquo;art (aica)                                                                                                                               Professeur honoraire de l&rsquo;Acad\u00e9mie Royale des Beaux-Arts de Bruxelles<\/p>\n\n\n\n<blockquote class=\"wp-block-quote is-style-default is-layout-flow wp-block-quote-is-layout-flow\">\n<p><\/p>\n<\/blockquote>\n\n\n\n<blockquote class=\"wp-block-quote is-style-default is-layout-flow wp-block-quote-is-layout-flow\">\n<p>\"I also liked a painting by Jean-Fran\u00e7ois Decock in sombre velvet colours, like a nocturnal flight.\"<\/p>\n<cite><strong>Guy Gilsoul, art critic, in Le Vif magazine.<\/strong><\/cite><\/blockquote>\n\n\n\n<blockquote class=\"wp-block-quote is-layout-flow wp-block-quote-is-layout-flow\">\n<p>\"Jean-Fran\u00e7ois Decock\u2019s art sublimates colours by the use of relief and lines, working on luminosity. A creator of minimalist paintings, which recall Pierre Soulages, this Belgian artist invites us towards individual perception. A personal visualisation and appreciation of this particular art deserves our attention.\"<\/p>\n<cite><strong>Julien Dumas<\/strong><br>Auteur d\u2019Artfabetic Dictionnaire des Artistes Plasticiens.<\/cite><\/blockquote>\n\n\n\n<p><\/p>","protected":false},"excerpt":{"rendered":"<p>\u00ab\u00a0Une forme, une seule sur un fond monochromatique. Une forme pos\u00e9e, plate et compacte. Mais ce n&rsquo;est pas une forme et le fond, dense \u00e0 son tour n&rsquo;a de la surface que l&rsquo;apparence car il contient en lui un arri\u00e8re fond comme une terre souterraine, un arri\u00e8re-pays des origines. Un lieu d&rsquo;un temps ancien qui [&hellip;]<\/p>\n","protected":false},"author":1,"featured_media":0,"parent":0,"menu_order":0,"comment_status":"closed","ping_status":"closed","template":"page-template\/critiques.php","meta":{"_acf_changed":false,"footnotes":""},"class_list":["post-16","page","type-page","status-publish","hentry"],"acf":[],"yoast_head":"<!-- This site is optimized with the Yoast SEO plugin v27.5 - https:\/\/yoast.com\/product\/yoast-seo-wordpress\/ -->\n<title>A propos - Jean-Fran\u00e7ois Decock<\/title>\n<meta name=\"description\" content=\"&quot;J&#039;ai encore aim\u00e9 une toile de Jean-Fran\u00e7ois Decock, dans les velours sombres, comme un envol nocturne&quot;. Peintre belge.\" \/>\n<meta name=\"robots\" content=\"index, follow, max-snippet:-1, max-image-preview:large, max-video-preview:-1\" \/>\n<link rel=\"canonical\" href=\"https:\/\/jeanfrancoisdecock.be\/en\/critiques\/\" \/>\n<meta property=\"og:locale\" content=\"en_GB\" \/>\n<meta property=\"og:type\" content=\"article\" \/>\n<meta property=\"og:title\" content=\"A propos - Jean-Fran\u00e7ois Decock\" \/>\n<meta property=\"og:description\" content=\"&quot;J&#039;ai encore aim\u00e9 une toile de Jean-Fran\u00e7ois Decock, dans les velours sombres, comme un envol nocturne&quot;. Peintre belge.\" \/>\n<meta property=\"og:url\" content=\"https:\/\/jeanfrancoisdecock.be\/en\/critiques\/\" \/>\n<meta property=\"og:site_name\" content=\"Jean-Fran\u00e7ois Decock\" \/>\n<meta property=\"article:modified_time\" content=\"2024-09-20T17:34:35+00:00\" \/>\n<meta name=\"twitter:card\" content=\"summary_large_image\" \/>\n<meta name=\"twitter:label1\" content=\"Estimated reading time\" \/>\n\t<meta name=\"twitter:data1\" content=\"1 minute\" \/>\n<script type=\"application\/ld+json\" class=\"yoast-schema-graph\">{\"@context\":\"https:\\\/\\\/schema.org\",\"@graph\":[{\"@type\":\"WebPage\",\"@id\":\"https:\\\/\\\/jeanfrancoisdecock.be\\\/critiques\\\/\",\"url\":\"https:\\\/\\\/jeanfrancoisdecock.be\\\/critiques\\\/\",\"name\":\"A propos - Jean-Fran\u00e7ois Decock\",\"isPartOf\":{\"@id\":\"https:\\\/\\\/jeanfrancoisdecock.be\\\/#website\"},\"datePublished\":\"2021-03-20T11:13:36+00:00\",\"dateModified\":\"2024-09-20T17:34:35+00:00\",\"description\":\"\\\"J'ai encore aim\u00e9 une toile de Jean-Fran\u00e7ois Decock, dans les velours sombres, comme un envol nocturne\\\". Peintre belge.\",\"breadcrumb\":{\"@id\":\"https:\\\/\\\/jeanfrancoisdecock.be\\\/critiques\\\/#breadcrumb\"},\"inLanguage\":\"en-GB\",\"potentialAction\":[{\"@type\":\"ReadAction\",\"target\":[\"https:\\\/\\\/jeanfrancoisdecock.be\\\/critiques\\\/\"]}]},{\"@type\":\"BreadcrumbList\",\"@id\":\"https:\\\/\\\/jeanfrancoisdecock.be\\\/critiques\\\/#breadcrumb\",\"itemListElement\":[{\"@type\":\"ListItem\",\"position\":1,\"name\":\"Accueil\",\"item\":\"https:\\\/\\\/jeanfrancoisdecock.be\\\/\"},{\"@type\":\"ListItem\",\"position\":2,\"name\":\"A propos\"}]},{\"@type\":\"WebSite\",\"@id\":\"https:\\\/\\\/jeanfrancoisdecock.be\\\/#website\",\"url\":\"https:\\\/\\\/jeanfrancoisdecock.be\\\/\",\"name\":\"Jean-Fran\u00e7ois Decock\",\"description\":\"L\u2019\u00e9nergie et l\u2019intensit\u00e9 d\u2019un instant\",\"publisher\":{\"@id\":\"https:\\\/\\\/jeanfrancoisdecock.be\\\/#\\\/schema\\\/person\\\/c38bf79342cfd25142cef3facf311897\"},\"potentialAction\":[{\"@type\":\"SearchAction\",\"target\":{\"@type\":\"EntryPoint\",\"urlTemplate\":\"https:\\\/\\\/jeanfrancoisdecock.be\\\/?s={search_term_string}\"},\"query-input\":{\"@type\":\"PropertyValueSpecification\",\"valueRequired\":true,\"valueName\":\"search_term_string\"}}],\"inLanguage\":\"en-GB\"},{\"@type\":[\"Person\",\"Organization\"],\"@id\":\"https:\\\/\\\/jeanfrancoisdecock.be\\\/#\\\/schema\\\/person\\\/c38bf79342cfd25142cef3facf311897\",\"name\":\"jfdecock\",\"image\":{\"@type\":\"ImageObject\",\"inLanguage\":\"en-GB\",\"@id\":\"https:\\\/\\\/secure.gravatar.com\\\/avatar\\\/604bf63e5bd23b72375b0e479240abefabbf76d8dfbaf047e9671e33a3c68ecf?s=96&d=mm&r=g\",\"url\":\"https:\\\/\\\/secure.gravatar.com\\\/avatar\\\/604bf63e5bd23b72375b0e479240abefabbf76d8dfbaf047e9671e33a3c68ecf?s=96&d=mm&r=g\",\"contentUrl\":\"https:\\\/\\\/secure.gravatar.com\\\/avatar\\\/604bf63e5bd23b72375b0e479240abefabbf76d8dfbaf047e9671e33a3c68ecf?s=96&d=mm&r=g\",\"caption\":\"jfdecock\"},\"logo\":{\"@id\":\"https:\\\/\\\/secure.gravatar.com\\\/avatar\\\/604bf63e5bd23b72375b0e479240abefabbf76d8dfbaf047e9671e33a3c68ecf?s=96&d=mm&r=g\"},\"sameAs\":[\"https:\\\/\\\/jeanfrancoisdecock.be\\\/\"]}]}<\/script>\n<!-- \/ Yoast SEO plugin. -->","yoast_head_json":{"title":"A propos - Jean-Fran\u00e7ois Decock","description":"\"J'ai encore aim\u00e9 une toile de Jean-Fran\u00e7ois Decock, dans les velours sombres, comme un envol nocturne\". Peintre belge.","robots":{"index":"index","follow":"follow","max-snippet":"max-snippet:-1","max-image-preview":"max-image-preview:large","max-video-preview":"max-video-preview:-1"},"canonical":"https:\/\/jeanfrancoisdecock.be\/en\/critiques\/","og_locale":"en_GB","og_type":"article","og_title":"A propos - Jean-Fran\u00e7ois Decock","og_description":"\"J'ai encore aim\u00e9 une toile de Jean-Fran\u00e7ois Decock, dans les velours sombres, comme un envol nocturne\". Peintre belge.","og_url":"https:\/\/jeanfrancoisdecock.be\/en\/critiques\/","og_site_name":"Jean-Fran\u00e7ois Decock","article_modified_time":"2024-09-20T17:34:35+00:00","twitter_card":"summary_large_image","twitter_misc":{"Estimated reading time":"1 minute"},"schema":{"@context":"https:\/\/schema.org","@graph":[{"@type":"WebPage","@id":"https:\/\/jeanfrancoisdecock.be\/critiques\/","url":"https:\/\/jeanfrancoisdecock.be\/critiques\/","name":"A propos - Jean-Fran\u00e7ois Decock","isPartOf":{"@id":"https:\/\/jeanfrancoisdecock.be\/#website"},"datePublished":"2021-03-20T11:13:36+00:00","dateModified":"2024-09-20T17:34:35+00:00","description":"\"J'ai encore aim\u00e9 une toile de Jean-Fran\u00e7ois Decock, dans les velours sombres, comme un envol nocturne\". Peintre belge.","breadcrumb":{"@id":"https:\/\/jeanfrancoisdecock.be\/critiques\/#breadcrumb"},"inLanguage":"en-GB","potentialAction":[{"@type":"ReadAction","target":["https:\/\/jeanfrancoisdecock.be\/critiques\/"]}]},{"@type":"BreadcrumbList","@id":"https:\/\/jeanfrancoisdecock.be\/critiques\/#breadcrumb","itemListElement":[{"@type":"ListItem","position":1,"name":"Accueil","item":"https:\/\/jeanfrancoisdecock.be\/"},{"@type":"ListItem","position":2,"name":"A propos"}]},{"@type":"WebSite","@id":"https:\/\/jeanfrancoisdecock.be\/#website","url":"https:\/\/jeanfrancoisdecock.be\/","name":"Jean-Fran\u00e7ois Decock","description":"L\u2019\u00e9nergie et l\u2019intensit\u00e9 d\u2019un instant","publisher":{"@id":"https:\/\/jeanfrancoisdecock.be\/#\/schema\/person\/c38bf79342cfd25142cef3facf311897"},"potentialAction":[{"@type":"SearchAction","target":{"@type":"EntryPoint","urlTemplate":"https:\/\/jeanfrancoisdecock.be\/?s={search_term_string}"},"query-input":{"@type":"PropertyValueSpecification","valueRequired":true,"valueName":"search_term_string"}}],"inLanguage":"en-GB"},{"@type":["Person","Organization"],"@id":"https:\/\/jeanfrancoisdecock.be\/#\/schema\/person\/c38bf79342cfd25142cef3facf311897","name":"jfdecock","image":{"@type":"ImageObject","inLanguage":"en-GB","@id":"https:\/\/secure.gravatar.com\/avatar\/604bf63e5bd23b72375b0e479240abefabbf76d8dfbaf047e9671e33a3c68ecf?s=96&d=mm&r=g","url":"https:\/\/secure.gravatar.com\/avatar\/604bf63e5bd23b72375b0e479240abefabbf76d8dfbaf047e9671e33a3c68ecf?s=96&d=mm&r=g","contentUrl":"https:\/\/secure.gravatar.com\/avatar\/604bf63e5bd23b72375b0e479240abefabbf76d8dfbaf047e9671e33a3c68ecf?s=96&d=mm&r=g","caption":"jfdecock"},"logo":{"@id":"https:\/\/secure.gravatar.com\/avatar\/604bf63e5bd23b72375b0e479240abefabbf76d8dfbaf047e9671e33a3c68ecf?s=96&d=mm&r=g"},"sameAs":["https:\/\/jeanfrancoisdecock.be\/"]}]}},"jetpack_sharing_enabled":true,"_links":{"self":[{"href":"https:\/\/jeanfrancoisdecock.be\/en\/wp-json\/wp\/v2\/pages\/16","targetHints":{"allow":["GET"]}}],"collection":[{"href":"https:\/\/jeanfrancoisdecock.be\/en\/wp-json\/wp\/v2\/pages"}],"about":[{"href":"https:\/\/jeanfrancoisdecock.be\/en\/wp-json\/wp\/v2\/types\/page"}],"author":[{"embeddable":true,"href":"https:\/\/jeanfrancoisdecock.be\/en\/wp-json\/wp\/v2\/users\/1"}],"replies":[{"embeddable":true,"href":"https:\/\/jeanfrancoisdecock.be\/en\/wp-json\/wp\/v2\/comments?post=16"}],"version-history":[{"count":12,"href":"https:\/\/jeanfrancoisdecock.be\/en\/wp-json\/wp\/v2\/pages\/16\/revisions"}],"predecessor-version":[{"id":377,"href":"https:\/\/jeanfrancoisdecock.be\/en\/wp-json\/wp\/v2\/pages\/16\/revisions\/377"}],"wp:attachment":[{"href":"https:\/\/jeanfrancoisdecock.be\/en\/wp-json\/wp\/v2\/media?parent=16"}],"curies":[{"name":"wp","href":"https:\/\/api.w.org\/{rel}","templated":true}]}}