{"id":6,"date":"2021-03-20T11:49:25","date_gmt":"2021-03-20T10:49:25","guid":{"rendered":"http:\/\/localhost\/projects\/jean_francois_wp\/?page_id=6"},"modified":"2024-09-20T18:14:46","modified_gmt":"2024-09-20T16:14:46","slug":"accueil","status":"publish","type":"page","link":"https:\/\/jeanfrancoisdecock.be\/en\/","title":{"rendered":"Accueil &#8211; Jean-Fran\u00e7ois Decock"},"content":{"rendered":"<div class=\"wp-block-columns is-layout-flex wp-container-core-columns-is-layout-9d6595d7 wp-block-columns-is-layout-flex\">\n<div class=\"wp-block-column is-layout-flow wp-block-column-is-layout-flow\">\n<figure class=\"wp-block-image size-large img-big img-main\"><img data-recalc-dims=\"1\" loading=\"lazy\" decoding=\"async\" width=\"517\" height=\"663\" src=\"https:\/\/i0.wp.com\/jeanfrancoisdecock.be\/wp-content\/uploads\/2021\/03\/20210314_155854-1.jpg?resize=517%2C663\" alt=\"Jean-Fran\u00e7ois Decock\" class=\"wp-image-9\"\/><\/figure>\n<\/div>\n\n\n\n<div class=\"wp-block-column is-layout-flow wp-block-column-is-layout-flow\">\n<blockquote class=\"wp-block-quote is-layout-flow wp-block-quote-is-layout-flow\"><p>\u00ab A moment of energy and intensity \u00bb<\/p><\/blockquote>\n\n\n\n<p>A spontaneous movement creating reliefs and traceries amid touches of colour.<br><br>Colours appearing and vanishing reveal forms both fragmented and united.<br><br>A tri-dimensional object of colour, an untethered figuration expressive of sensitive energy.<\/p>\n<\/div>\n<\/div>\n\n\n\n<div class=\"wp-block-columns is-layout-flex wp-container-core-columns-is-layout-9d6595d7 wp-block-columns-is-layout-flex\">\n<div class=\"wp-block-column is-layout-flow wp-block-column-is-layout-flow\">\n<figure class=\"wp-block-image size-large\"><img data-recalc-dims=\"1\" loading=\"lazy\" decoding=\"async\" width=\"1024\" height=\"729\" src=\"https:\/\/i0.wp.com\/jeanfrancoisdecock.be\/wp-content\/uploads\/2021\/04\/IMG_1747.jpg?resize=1024%2C729&#038;ssl=1\" alt=\"Peinture de Jean-Fran\u00e7ois Decock\" class=\"wp-image-92\" srcset=\"https:\/\/i0.wp.com\/jeanfrancoisdecock.be\/wp-content\/uploads\/2021\/04\/IMG_1747.jpg?resize=1024%2C729&amp;ssl=1 1024w, https:\/\/i0.wp.com\/jeanfrancoisdecock.be\/wp-content\/uploads\/2021\/04\/IMG_1747.jpg?resize=300%2C214&amp;ssl=1 300w, https:\/\/i0.wp.com\/jeanfrancoisdecock.be\/wp-content\/uploads\/2021\/04\/IMG_1747.jpg?resize=768%2C547&amp;ssl=1 768w, https:\/\/i0.wp.com\/jeanfrancoisdecock.be\/wp-content\/uploads\/2021\/04\/IMG_1747.jpg?resize=1536%2C1093&amp;ssl=1 1536w, https:\/\/i0.wp.com\/jeanfrancoisdecock.be\/wp-content\/uploads\/2021\/04\/IMG_1747.jpg?resize=2048%2C1458&amp;ssl=1 2048w, https:\/\/i0.wp.com\/jeanfrancoisdecock.be\/wp-content\/uploads\/2021\/04\/IMG_1747.jpg?resize=16%2C12&amp;ssl=1 16w\" sizes=\"auto, (max-width: 1000px) 100vw, 1000px\" \/><\/figure>\n<\/div>\n\n\n\n<div class=\"wp-block-column is-layout-flow wp-block-column-is-layout-flow\">\n<figure class=\"wp-block-image size-large\"><img data-recalc-dims=\"1\" loading=\"lazy\" decoding=\"async\" width=\"768\" height=\"1024\" src=\"https:\/\/i0.wp.com\/jeanfrancoisdecock.be\/wp-content\/uploads\/2021\/04\/20210426_202153.jpg?resize=768%2C1024&#038;ssl=1\" alt=\"Peinture de Jean-Fran\u00e7ois Decock\" class=\"wp-image-183\" srcset=\"https:\/\/i0.wp.com\/jeanfrancoisdecock.be\/wp-content\/uploads\/2021\/04\/20210426_202153-scaled.jpg?resize=768%2C1024&amp;ssl=1 768w, https:\/\/i0.wp.com\/jeanfrancoisdecock.be\/wp-content\/uploads\/2021\/04\/20210426_202153-scaled.jpg?resize=225%2C300&amp;ssl=1 225w, https:\/\/i0.wp.com\/jeanfrancoisdecock.be\/wp-content\/uploads\/2021\/04\/20210426_202153-scaled.jpg?resize=1152%2C1536&amp;ssl=1 1152w, https:\/\/i0.wp.com\/jeanfrancoisdecock.be\/wp-content\/uploads\/2021\/04\/20210426_202153-scaled.jpg?resize=1536%2C2048&amp;ssl=1 1536w, https:\/\/i0.wp.com\/jeanfrancoisdecock.be\/wp-content\/uploads\/2021\/04\/20210426_202153-scaled.jpg?resize=9%2C12&amp;ssl=1 9w, https:\/\/i0.wp.com\/jeanfrancoisdecock.be\/wp-content\/uploads\/2021\/04\/20210426_202153-scaled.jpg?w=1920&amp;ssl=1 1920w\" sizes=\"auto, (max-width: 768px) 100vw, 768px\" \/><\/figure>\n<\/div>\n<\/div>","protected":false},"excerpt":{"rendered":"<p>\u00ab L\u2019\u00e9nergie et l\u2019intensit\u00e9 d\u2019un instant \u00bb Un mouvement spontan\u00e9 cr\u00e9ant des reliefs et griffures entrelac\u00e9s de touches de couleurs. Apparition, disparition de couleurs r\u00e9v\u00e9lant des formes \u00e0 la fois unies et fragment\u00e9es. Objet tridimensionnel color\u00e9, figuration libre, expression d\u2019une \u00e9nergie sensible.<\/p>","protected":false},"author":1,"featured_media":0,"parent":0,"menu_order":0,"comment_status":"closed","ping_status":"closed","template":"","meta":{"_acf_changed":false,"footnotes":""},"class_list":["post-6","page","type-page","status-publish","hentry"],"acf":[],"yoast_head":"<!-- This site is optimized with the Yoast SEO plugin v27.5 - https:\/\/yoast.com\/product\/yoast-seo-wordpress\/ -->\n<title>Accueil - Jean-Fran\u00e7ois Decock - Jean-Fran\u00e7ois Decock<\/title>\n<meta name=\"description\" content=\"Jean-Fran\u00e7ois Decock est un peintre artiste Belge. &quot;Un mouvement spontan\u00e9 cr\u00e9ant des reliefs et griffures entrelac\u00e9s de touches de couleurs.&quot;\" \/>\n<meta name=\"robots\" content=\"index, follow, max-snippet:-1, max-image-preview:large, max-video-preview:-1\" \/>\n<link rel=\"canonical\" href=\"https:\/\/jeanfrancoisdecock.be\/en\/\" \/>\n<meta property=\"og:locale\" content=\"en_GB\" \/>\n<meta property=\"og:type\" content=\"article\" \/>\n<meta property=\"og:title\" content=\"Accueil - Jean-Fran\u00e7ois Decock - Jean-Fran\u00e7ois Decock\" \/>\n<meta property=\"og:description\" content=\"Jean-Fran\u00e7ois Decock est un peintre artiste Belge. &quot;Un mouvement spontan\u00e9 cr\u00e9ant des reliefs et griffures entrelac\u00e9s de touches de couleurs.&quot;\" \/>\n<meta property=\"og:url\" content=\"https:\/\/jeanfrancoisdecock.be\/en\/\" \/>\n<meta property=\"og:site_name\" content=\"Jean-Fran\u00e7ois Decock\" \/>\n<meta property=\"article:modified_time\" content=\"2024-09-20T16:14:46+00:00\" \/>\n<meta property=\"og:image\" content=\"http:\/\/jeanfrancoisdecock.be\/wp-content\/uploads\/2021\/03\/20210314_155854-1.jpg\" \/>\n<meta name=\"twitter:card\" content=\"summary_large_image\" \/>\n<meta name=\"twitter:label1\" content=\"Estimated reading time\" \/>\n\t<meta name=\"twitter:data1\" content=\"1 minute\" \/>\n<script type=\"application\/ld+json\" class=\"yoast-schema-graph\">{\"@context\":\"https:\\\/\\\/schema.org\",\"@graph\":[{\"@type\":\"WebPage\",\"@id\":\"https:\\\/\\\/jeanfrancoisdecock.be\\\/\",\"url\":\"https:\\\/\\\/jeanfrancoisdecock.be\\\/\",\"name\":\"Accueil - Jean-Fran\u00e7ois Decock - Jean-Fran\u00e7ois Decock\",\"isPartOf\":{\"@id\":\"https:\\\/\\\/jeanfrancoisdecock.be\\\/#website\"},\"primaryImageOfPage\":{\"@id\":\"https:\\\/\\\/jeanfrancoisdecock.be\\\/#primaryimage\"},\"image\":{\"@id\":\"https:\\\/\\\/jeanfrancoisdecock.be\\\/#primaryimage\"},\"thumbnailUrl\":\"http:\\\/\\\/jeanfrancoisdecock.be\\\/wp-content\\\/uploads\\\/2021\\\/03\\\/20210314_155854-1.jpg\",\"datePublished\":\"2021-03-20T10:49:25+00:00\",\"dateModified\":\"2024-09-20T16:14:46+00:00\",\"description\":\"Jean-Fran\u00e7ois Decock est un peintre artiste Belge. \\\"Un mouvement spontan\u00e9 cr\u00e9ant des reliefs et griffures entrelac\u00e9s de touches de couleurs.\\\"\",\"breadcrumb\":{\"@id\":\"https:\\\/\\\/jeanfrancoisdecock.be\\\/#breadcrumb\"},\"inLanguage\":\"en-GB\",\"potentialAction\":[{\"@type\":\"ReadAction\",\"target\":[\"https:\\\/\\\/jeanfrancoisdecock.be\\\/\"]}]},{\"@type\":\"ImageObject\",\"inLanguage\":\"en-GB\",\"@id\":\"https:\\\/\\\/jeanfrancoisdecock.be\\\/#primaryimage\",\"url\":\"http:\\\/\\\/jeanfrancoisdecock.be\\\/wp-content\\\/uploads\\\/2021\\\/03\\\/20210314_155854-1.jpg\",\"contentUrl\":\"http:\\\/\\\/jeanfrancoisdecock.be\\\/wp-content\\\/uploads\\\/2021\\\/03\\\/20210314_155854-1.jpg\"},{\"@type\":\"BreadcrumbList\",\"@id\":\"https:\\\/\\\/jeanfrancoisdecock.be\\\/#breadcrumb\",\"itemListElement\":[{\"@type\":\"ListItem\",\"position\":1,\"name\":\"Accueil\",\"item\":\"https:\\\/\\\/jeanfrancoisdecock.be\\\/\"},{\"@type\":\"ListItem\",\"position\":2,\"name\":\"Accueil &#8211; Jean-Fran\u00e7ois Decock\"}]},{\"@type\":\"WebSite\",\"@id\":\"https:\\\/\\\/jeanfrancoisdecock.be\\\/#website\",\"url\":\"https:\\\/\\\/jeanfrancoisdecock.be\\\/\",\"name\":\"Jean-Fran\u00e7ois Decock\",\"description\":\"L\u2019\u00e9nergie et l\u2019intensit\u00e9 d\u2019un instant\",\"publisher\":{\"@id\":\"https:\\\/\\\/jeanfrancoisdecock.be\\\/#\\\/schema\\\/person\\\/c38bf79342cfd25142cef3facf311897\"},\"potentialAction\":[{\"@type\":\"SearchAction\",\"target\":{\"@type\":\"EntryPoint\",\"urlTemplate\":\"https:\\\/\\\/jeanfrancoisdecock.be\\\/?s={search_term_string}\"},\"query-input\":{\"@type\":\"PropertyValueSpecification\",\"valueRequired\":true,\"valueName\":\"search_term_string\"}}],\"inLanguage\":\"en-GB\"},{\"@type\":[\"Person\",\"Organization\"],\"@id\":\"https:\\\/\\\/jeanfrancoisdecock.be\\\/#\\\/schema\\\/person\\\/c38bf79342cfd25142cef3facf311897\",\"name\":\"jfdecock\",\"image\":{\"@type\":\"ImageObject\",\"inLanguage\":\"en-GB\",\"@id\":\"https:\\\/\\\/secure.gravatar.com\\\/avatar\\\/604bf63e5bd23b72375b0e479240abefabbf76d8dfbaf047e9671e33a3c68ecf?s=96&d=mm&r=g\",\"url\":\"https:\\\/\\\/secure.gravatar.com\\\/avatar\\\/604bf63e5bd23b72375b0e479240abefabbf76d8dfbaf047e9671e33a3c68ecf?s=96&d=mm&r=g\",\"contentUrl\":\"https:\\\/\\\/secure.gravatar.com\\\/avatar\\\/604bf63e5bd23b72375b0e479240abefabbf76d8dfbaf047e9671e33a3c68ecf?s=96&d=mm&r=g\",\"caption\":\"jfdecock\"},\"logo\":{\"@id\":\"https:\\\/\\\/secure.gravatar.com\\\/avatar\\\/604bf63e5bd23b72375b0e479240abefabbf76d8dfbaf047e9671e33a3c68ecf?s=96&d=mm&r=g\"},\"sameAs\":[\"https:\\\/\\\/jeanfrancoisdecock.be\\\/\"]}]}<\/script>\n<!-- \/ Yoast SEO plugin. -->","yoast_head_json":{"title":"Accueil - Jean-Fran\u00e7ois Decock - Jean-Fran\u00e7ois Decock","description":"Jean-Fran\u00e7ois Decock est un peintre artiste Belge. \"Un mouvement spontan\u00e9 cr\u00e9ant des reliefs et griffures entrelac\u00e9s de touches de couleurs.\"","robots":{"index":"index","follow":"follow","max-snippet":"max-snippet:-1","max-image-preview":"max-image-preview:large","max-video-preview":"max-video-preview:-1"},"canonical":"https:\/\/jeanfrancoisdecock.be\/en\/","og_locale":"en_GB","og_type":"article","og_title":"Accueil - Jean-Fran\u00e7ois Decock - Jean-Fran\u00e7ois Decock","og_description":"Jean-Fran\u00e7ois Decock est un peintre artiste Belge. \"Un mouvement spontan\u00e9 cr\u00e9ant des reliefs et griffures entrelac\u00e9s de touches de couleurs.\"","og_url":"https:\/\/jeanfrancoisdecock.be\/en\/","og_site_name":"Jean-Fran\u00e7ois Decock","article_modified_time":"2024-09-20T16:14:46+00:00","og_image":[{"url":"http:\/\/jeanfrancoisdecock.be\/wp-content\/uploads\/2021\/03\/20210314_155854-1.jpg","type":"","width":"","height":""}],"twitter_card":"summary_large_image","twitter_misc":{"Estimated reading time":"1 minute"},"schema":{"@context":"https:\/\/schema.org","@graph":[{"@type":"WebPage","@id":"https:\/\/jeanfrancoisdecock.be\/","url":"https:\/\/jeanfrancoisdecock.be\/","name":"Accueil - Jean-Fran\u00e7ois Decock - Jean-Fran\u00e7ois Decock","isPartOf":{"@id":"https:\/\/jeanfrancoisdecock.be\/#website"},"primaryImageOfPage":{"@id":"https:\/\/jeanfrancoisdecock.be\/#primaryimage"},"image":{"@id":"https:\/\/jeanfrancoisdecock.be\/#primaryimage"},"thumbnailUrl":"http:\/\/jeanfrancoisdecock.be\/wp-content\/uploads\/2021\/03\/20210314_155854-1.jpg","datePublished":"2021-03-20T10:49:25+00:00","dateModified":"2024-09-20T16:14:46+00:00","description":"Jean-Fran\u00e7ois Decock est un peintre artiste Belge. \"Un mouvement spontan\u00e9 cr\u00e9ant des reliefs et griffures entrelac\u00e9s de touches de couleurs.\"","breadcrumb":{"@id":"https:\/\/jeanfrancoisdecock.be\/#breadcrumb"},"inLanguage":"en-GB","potentialAction":[{"@type":"ReadAction","target":["https:\/\/jeanfrancoisdecock.be\/"]}]},{"@type":"ImageObject","inLanguage":"en-GB","@id":"https:\/\/jeanfrancoisdecock.be\/#primaryimage","url":"http:\/\/jeanfrancoisdecock.be\/wp-content\/uploads\/2021\/03\/20210314_155854-1.jpg","contentUrl":"http:\/\/jeanfrancoisdecock.be\/wp-content\/uploads\/2021\/03\/20210314_155854-1.jpg"},{"@type":"BreadcrumbList","@id":"https:\/\/jeanfrancoisdecock.be\/#breadcrumb","itemListElement":[{"@type":"ListItem","position":1,"name":"Accueil","item":"https:\/\/jeanfrancoisdecock.be\/"},{"@type":"ListItem","position":2,"name":"Accueil &#8211; Jean-Fran\u00e7ois Decock"}]},{"@type":"WebSite","@id":"https:\/\/jeanfrancoisdecock.be\/#website","url":"https:\/\/jeanfrancoisdecock.be\/","name":"Jean-Fran\u00e7ois Decock","description":"L\u2019\u00e9nergie et l\u2019intensit\u00e9 d\u2019un instant","publisher":{"@id":"https:\/\/jeanfrancoisdecock.be\/#\/schema\/person\/c38bf79342cfd25142cef3facf311897"},"potentialAction":[{"@type":"SearchAction","target":{"@type":"EntryPoint","urlTemplate":"https:\/\/jeanfrancoisdecock.be\/?s={search_term_string}"},"query-input":{"@type":"PropertyValueSpecification","valueRequired":true,"valueName":"search_term_string"}}],"inLanguage":"en-GB"},{"@type":["Person","Organization"],"@id":"https:\/\/jeanfrancoisdecock.be\/#\/schema\/person\/c38bf79342cfd25142cef3facf311897","name":"jfdecock","image":{"@type":"ImageObject","inLanguage":"en-GB","@id":"https:\/\/secure.gravatar.com\/avatar\/604bf63e5bd23b72375b0e479240abefabbf76d8dfbaf047e9671e33a3c68ecf?s=96&d=mm&r=g","url":"https:\/\/secure.gravatar.com\/avatar\/604bf63e5bd23b72375b0e479240abefabbf76d8dfbaf047e9671e33a3c68ecf?s=96&d=mm&r=g","contentUrl":"https:\/\/secure.gravatar.com\/avatar\/604bf63e5bd23b72375b0e479240abefabbf76d8dfbaf047e9671e33a3c68ecf?s=96&d=mm&r=g","caption":"jfdecock"},"logo":{"@id":"https:\/\/secure.gravatar.com\/avatar\/604bf63e5bd23b72375b0e479240abefabbf76d8dfbaf047e9671e33a3c68ecf?s=96&d=mm&r=g"},"sameAs":["https:\/\/jeanfrancoisdecock.be\/"]}]}},"jetpack_sharing_enabled":true,"_links":{"self":[{"href":"https:\/\/jeanfrancoisdecock.be\/en\/wp-json\/wp\/v2\/pages\/6","targetHints":{"allow":["GET"]}}],"collection":[{"href":"https:\/\/jeanfrancoisdecock.be\/en\/wp-json\/wp\/v2\/pages"}],"about":[{"href":"https:\/\/jeanfrancoisdecock.be\/en\/wp-json\/wp\/v2\/types\/page"}],"author":[{"embeddable":true,"href":"https:\/\/jeanfrancoisdecock.be\/en\/wp-json\/wp\/v2\/users\/1"}],"replies":[{"embeddable":true,"href":"https:\/\/jeanfrancoisdecock.be\/en\/wp-json\/wp\/v2\/comments?post=6"}],"version-history":[{"count":22,"href":"https:\/\/jeanfrancoisdecock.be\/en\/wp-json\/wp\/v2\/pages\/6\/revisions"}],"predecessor-version":[{"id":298,"href":"https:\/\/jeanfrancoisdecock.be\/en\/wp-json\/wp\/v2\/pages\/6\/revisions\/298"}],"wp:attachment":[{"href":"https:\/\/jeanfrancoisdecock.be\/en\/wp-json\/wp\/v2\/media?parent=6"}],"curies":[{"name":"wp","href":"https:\/\/api.w.org\/{rel}","templated":true}]}}